{"id":20,"date":"2017-04-02T14:22:25","date_gmt":"2017-04-02T13:22:25","guid":{"rendered":"http:\/\/xn--wrstchens-turbokawa810-slc.de\/?page_id=20"},"modified":"2018-12-17T21:50:11","modified_gmt":"2018-12-17T20:50:11","slug":"die-technik","status":"publish","type":"page","link":"https:\/\/xn--wrstchens-turbokawa810-slc.de\/?page_id=20","title":{"rendered":"Die Technik"},"content":{"rendered":"<p><strong>So geht\u00b4s nach vorne&#8230;&#8230;&#8230;..<\/strong><\/p>\n<p>&nbsp;<\/p>\n<p><strong>\u00a0<\/strong><\/p>\n<p><strong><u>Steckbrief <\/u><\/strong><strong>(Stand 2017)<br \/>\n<\/strong><\/p>\n<p><strong>Kawasaki Z 750\/810 Turbo (W\u00fcrstchen\u00b4s Turbo) EZ :6\/1984 \u00a0seit 1988 in meinem Besitz<\/strong><\/p>\n<p><strong>Horst Chwialkowski (W\u00fcrstchen) aus Bremen.\u00a0<\/strong><\/p>\n<p><strong><u>Motor <\/u><\/strong><strong>:<\/strong><\/p>\n<p><strong>&#8211; 810 Wiseco Schmiede-Kolben (+3mm = 69mm)<br \/>\n-Einlasskan\u00e4le +4mm<br \/>\n&#8211; Racemodus*<br \/>\n&#8211; Kupfer Kopfdichtung mit Powerringen ( O-ringed)<br \/>\n-Ventilf\u00fchrungen aus Bronce<br \/>\n&#8211;\u00a0interne \u00d6lkan\u00e4le zum Kopf stillgelegt und durch aussenliegende Stahlflexleitungen ersetzt<br \/>\n&#8211; Goodridge- Stahlflex-Leitungen am originalen \u00d6lk\u00fchler<br \/>\n&#8211; graue Dyna Hochleistungs -Z\u00fcndspulen 2,2 Ohm<\/strong><br \/>\n<strong>&#8211; Einspritzbr\u00fccke von 1100UT (+4mm gr\u00f6sser als original)<br \/>\n&#8211; einstellbarer Benzindruckregler<br \/>\n&#8211; Einlasskan\u00e4le und Ansauggummis und Luftkasten auf den Durchmesser (+4mm) angepasst<br \/>\n&#8211; 350 cc\/min Einspritzd\u00fcsen (original ist 270cc\/min)<br \/>\n&#8211; Walbro GSL393 Hochleistungs Benzinpumpe<br \/>\n&#8211; *Powercommander PCIIIusb von ZX12R ,modifiziert (anstatt Drosselklappenstellung verarbeitet er nun Ladedruck)<br \/>\n&#8211; Innovate Air\/Fuel LC-1, beheizte Lambdasonde mit Anzeige und SSI-4 Box mit Datalogging ( Drehzahl\/Ladedruck\/Air-fuel) mit digitaler AFR (Air-Fuel Ratio) Anzeige<br \/>\n&#8211; Benzindruckanzeige analog, fl\u00fcssig gef\u00fcllt<br \/>\n&#8211; Ladedruckanzeige, analog MC-Express fl\u00fcssig gef\u00fcllt<br \/>\n&#8211; Garrett ( GT1548) <u>GT2056<\/u> neu seit 2012 Lader mit zylindrischem K&amp;N Filter direkt auf dem Lader<br \/>\n&#8211; modifizierter\u00a0 Luftkasten (Plenum) \u00a0komplett alle Anschl\u00fcsse und Kasten\u00a0 geschweisst, sowie verkleinert\/schmaler neu seit 2012<br \/>\n&#8211; gro\u00dfer Alu &#8211; Ladeluftk\u00fchler mit\u00a0. (42) 45mmneu seit 2012 Leitungen<br \/>\n&#8211; Dampfrad einstellbar ,mit vorgeschaltetem Drosselventil von Festo ,seit 2016 G-2 Bosstvalve<br \/>\n&#8211; Popp Off Ventil Alu rot,einstellbar<br \/>\n&#8211; Auspuff 2x Speed Products F1R\u00a0<\/strong><\/p>\n<p><strong>Einzelheiten und Fotos (vom Umbau) kannst Du unter <\/strong><a href=\"http:\/\/www.750turbo.com\/\" target=\"_blank\" rel=\"noopener noreferrer\"><strong>www.750Turbo.com<\/strong><\/a><strong> einsehen oder <\/strong><a href=\"http:\/\/www.750Turbo.info\" target=\"_blank\" rel=\"noopener noreferrer\"><strong>www.750Turbo.info<\/strong><\/a><\/p>\n<p><a href=\"http:\/\/www.turbomotorcycles.org\/TMIOA\/People_HorstdieWurstchen.html\" target=\"_blank\" rel=\"noopener noreferrer\"><strong>www.turbomotorcycles.org\/TMIOA\/Pe&#8230;chen-Horst.html<\/strong><\/a><\/p>\n<p>&nbsp;<\/p>\n<p><strong><u>Leistung <\/u><\/strong><strong>:<\/strong><\/p>\n<p><strong>NEU 10\/2015 : 200,65 PS\u00a0 <\/strong><\/p>\n<p><strong>180,5 PS<\/strong> at Engine \/<strong> 176 PS<\/strong> at Wheel ( Sep.2012) \/\u00a0 Drehmoment ca. ??? NM \u00a0=leider war kein Signalgeber am Pr\u00fcfstand hatte aber fr\u00fcher bei 141PS schon 130NM<\/p>\n<p><strong><u>Fahrwerk\u00a0, alles eingetragen<\/u><\/strong><strong> : <\/strong><\/p>\n<p><strong>Gabelstabi von Kern , progressive Gabelfedern von Wirth ,\u00a0Superbike- Gabelbr\u00fccke ( Rommerskirchen) , roter Alu SB-Lenker, 110\/80ZR18 Lasertec\u00a0Front, 150\/70VB18 ME1 MBS CompK auf original Felge ,\u00a0Kettenrad Alu rot, Kurzhubgasgriff Magura , Brembo Grauguss-Bremsscheiben , Micron-Stahlflex-Bremsleitungen.<\/strong><\/p>\n<p><strong><u>seit 2013\/ 2014 Umbau auf 17&#8243; Fahrwerk mit original Kawa-Teilen:<br \/>\n<\/u><br \/>\n<\/strong><\/p>\n<p><strong><u>vorne<\/u>:\u00a0\u00a0 ZRX1100 Gabel mit extra angefertigtem Gabeljoch aus Spezialstahl, Cockpithalter modifiziert f\u00fcr original Turbo Cockpit , ZRX1100 Vorderrad , Michelin Pilot Road 2 120\/70ZR17, Gabelstabi Kern poliert ,ZRX1100 Kotfl\u00fcgel, ZRX1100 6-Kolben Bremss\u00e4ttel, ZRX1100 Bremsscheiben , Stahlflexleitungen von Melvin (rote Anschl\u00fcsse), Wirth Gabelfedern<\/strong><b><br \/>\n<strong><u>hinten<\/u> :\u00a0\u00a0 ZX-6R Hinterrad 5&#8243;\u00a0 modifiziert f\u00fcr original Turbo Schwinge,\u00a0\u00a0 Kettenrad Sonderanfertigung f\u00fcr 630er Kette auf ZX6R Rad, Michelin Pilot Road 2 170\/60ZR17, Hinterrad Bremssattel von ZZR600 mit modifiziertem ZZR600 Bremsanker, ZZR600 Bremsscheibe hinten, Stahlflexleitung Melvin (rote Anschl\u00fcsse)<br \/>\n<\/strong><\/b><\/p>\n<p><strong><br \/>\nseltene kultige Moto Italia zur\u00fcckverlegte Fu\u00dfrastenanlage<\/strong><\/p>\n<p>&nbsp;<\/p>\n<p><strong><u>Bodywork<\/u><\/strong><strong> : <\/strong><\/p>\n<p><strong>Egli MRD-1 Heck modifiziert , Alurasten, Gimbel-Heckspoiler , MRA Tourenscheibe get\u00f6nt,\u00a0 original Bugspoiler modifiziert f\u00fcr den\u00a0 gro\u00dfen Lader und die dicken Lutfleitungen \u00a0\u00a0<\/strong><\/p>\n<p><strong>\u00a0\u00a0\u00a0\u00a0\u00a0\u00a0\u00a0\u00a0\u00a0\u00a0\u00a0\u00a0\u00a0\u00a0\u00a0\u00a0\u00a0\u00a0\u00a0\u00a0\u00a0\u00a0\u00a0\u00a0\u00a0\u00a0\u00a0\u00a0\u00a0\u00a0\u00a0\u00a0\u00a0\u00a0\u00a0\u00a0\u00a0\u00a0\u00a0<\/strong><\/p>\n<p><strong><u>Sonstiges<\/u><\/strong><strong> : <\/strong><\/p>\n<p><strong>Alles Alu poliert, Warnblinkanlage , Blinkerbeleuchtung vorn , Heckinnenbeleuchtung , Turboladerbeleuchtung.<\/strong><\/p>\n<p>&nbsp;<\/p>\n","protected":false},"excerpt":{"rendered":"<p>So geht\u00b4s nach vorne&#8230;&#8230;&#8230;.. &nbsp; \u00a0 Steckbrief (Stand 2017) Kawasaki Z 750\/810 Turbo (W\u00fcrstchen\u00b4s Turbo) EZ :6\/1984 \u00a0seit 1988 in meinem Besitz Horst Chwialkowski (W\u00fcrstchen) aus Bremen.\u00a0 Motor : &#8211; 810 Wiseco Schmiede-Kolben (+3mm = 69mm) -Einlasskan\u00e4le +4mm &#8211; Racemodus* &#8211; Kupfer Kopfdichtung mit Powerringen ( O-ringed) -Ventilf\u00fchrungen aus Bronce &#8211;\u00a0interne \u00d6lkan\u00e4le zum Kopf stillgelegt &hellip; <\/p>\n<p class=\"link-more\"><a href=\"https:\/\/xn--wrstchens-turbokawa810-slc.de\/?page_id=20\" class=\"more-link\"><span class=\"screen-reader-text\">\u201eDie Technik\u201c <\/span>weiterlesen<\/a><\/p>\n","protected":false},"author":1,"featured_media":0,"parent":0,"menu_order":1,"comment_status":"closed","ping_status":"closed","template":"","meta":{"footnotes":""},"class_list":["post-20","page","type-page","status-publish","hentry"],"_links":{"self":[{"href":"https:\/\/xn--wrstchens-turbokawa810-slc.de\/index.php?rest_route=\/wp\/v2\/pages\/20","targetHints":{"allow":["GET"]}}],"collection":[{"href":"https:\/\/xn--wrstchens-turbokawa810-slc.de\/index.php?rest_route=\/wp\/v2\/pages"}],"about":[{"href":"https:\/\/xn--wrstchens-turbokawa810-slc.de\/index.php?rest_route=\/wp\/v2\/types\/page"}],"author":[{"embeddable":true,"href":"https:\/\/xn--wrstchens-turbokawa810-slc.de\/index.php?rest_route=\/wp\/v2\/users\/1"}],"replies":[{"embeddable":true,"href":"https:\/\/xn--wrstchens-turbokawa810-slc.de\/index.php?rest_route=%2Fwp%2Fv2%2Fcomments&post=20"}],"version-history":[{"count":6,"href":"https:\/\/xn--wrstchens-turbokawa810-slc.de\/index.php?rest_route=\/wp\/v2\/pages\/20\/revisions"}],"predecessor-version":[{"id":102,"href":"https:\/\/xn--wrstchens-turbokawa810-slc.de\/index.php?rest_route=\/wp\/v2\/pages\/20\/revisions\/102"}],"wp:attachment":[{"href":"https:\/\/xn--wrstchens-turbokawa810-slc.de\/index.php?rest_route=%2Fwp%2Fv2%2Fmedia&parent=20"}],"curies":[{"name":"wp","href":"https:\/\/api.w.org\/{rel}","templated":true}]}}